{"id":1929,"date":"2017-11-28T17:05:34","date_gmt":"2017-11-28T16:05:34","guid":{"rendered":"https:\/\/wnw-et.de\/?page_id=1929"},"modified":"2018-02-09T15:27:58","modified_gmt":"2018-02-09T14:27:58","slug":"hardware","status":"publish","type":"page","link":"https:\/\/wnw-et.de\/index.php\/hardware\/","title":{"rendered":"Hardware"},"content":{"rendered":"<blockquote style=\"font-style: normal;\"><p>F\u00fcr Veranstaltungen mit gro\u00dfer Location und vielen G\u00e4sten verwenden wir die Traversensysteme von Global Truss.<br \/> Bei kleinen Feiern greifen wir auf ein platzsparendes System mit Stativen zur\u00fcck.<\/p><\/blockquote>\n<blockquote style=\"font-style: normal;\">\n<h3><img loading=\"lazy\" decoding=\"async\" class=\"alignleft wp-image-929\" style=\"margin-left: 20px; margin-right: 45px;margin-top: 30px;\" src=\"https:\/\/wnw-et.de\/wp-content\/uploads\/2017\/11\/Global-Truss-10x20-F34-Goal-Post-Banner.png\" alt=\"Box\" width=\"154\" height=\"114\" \/>Global Truss F34<\/h3>\n<p><span class=\"pspo-fdesc\"><span class=\"pspo-fdesc-txt\">Die F34 Traverse von Global Truss bietet ein Optimum an Tragf\u00e4higkeit und zeichnet sich durch ein geringes Transportvolumen sowie ihre Leichtbauweise aus. Sie ist zudem mit dem Traversensystem Eurotruss FD34 kompatibel. Die Einsatzbereiche der F34 Traverse sind sehr vielseitig und dominieren zurecht in Veranstaltungstechnik, Messe- und Ladenbau. F\u00fcr unsere Aufbauten verwenden wir die F34, je nach \u00f6rtlichen Gegebenheiten, in verschiedenen L\u00e4ngen und Varianten.<\/p>\n<p><b> Aktuell befinden sich folgende Modelle in unserem Bestand:<\/b><br \/> F34150 (1,50M L\u00e4nge), F34100 (1,00M L\u00e4nge), F34200 (2,00M L\u00e4nge), F34T35 (T-St\u00fcck), F34C21 (90\u00b0 2-Weg Ecke), F34 Top Tube (Topteil f\u00fcr freistehende Tower)<\/span><\/span><\/p><\/blockquote>\n<blockquote style=\"font-style: normal;\">\n<h3><img loading=\"lazy\" decoding=\"async\" class=\"alignleft wp-image-929\" style=\"margin-left: 20px; margin-right: 45px;margin-top: 30px;\" src=\"https:\/\/wnw-et.de\/wp-content\/uploads\/2018\/02\/Unbenannt-1.fw_.png\" alt=\"Box\" width=\"154\" height=\"114\" \/>Stairville LB-3 Lighting Stand<\/h3>\n<p><span class=\"pspo-fdesc\"><span class=\"pspo-fdesc-txt\">Beim Stairville LB-3 Lighting Stand handelt es sich um ein komplettes Lichtstativ-Set mit Traversen f\u00fcr kleine und mittelgro\u00dfe B\u00fchnen. Die Konstruktion kann mit 1,5M oder 3,0M Breite und einer variablen H\u00f6he von 1,5M bis 3,1M aufgebaut werden. Sie erm\u00f6glicht die Montage von bis zu 8 Scheinwerfern oder Effekten in k\u00fcrzester Zeit.<\/span><\/span><\/p><\/blockquote>\n","protected":false},"excerpt":{"rendered":"<p>F\u00fcr Veranstaltungen mit gro\u00dfer Location und vielen G\u00e4sten verwenden wir die Traversensysteme von Global Truss. Bei kleinen Feiern greifen wir auf ein platzsparendes System mit Stativen zur\u00fcck. Global Truss F34 Die F34 Traverse von Global Truss bietet ein Optimum an Tragf\u00e4higkeit und zeichnet sich durch ein geringes Transportvolumen sowie ihre&hellip; <\/p>\n","protected":false},"author":3,"featured_media":0,"parent":0,"menu_order":0,"comment_status":"closed","ping_status":"closed","template":"","meta":{"footnotes":""},"class_list":["post-1929","page","type-page","status-publish","hentry"],"_links":{"self":[{"href":"https:\/\/wnw-et.de\/index.php\/wp-json\/wp\/v2\/pages\/1929","targetHints":{"allow":["GET"]}}],"collection":[{"href":"https:\/\/wnw-et.de\/index.php\/wp-json\/wp\/v2\/pages"}],"about":[{"href":"https:\/\/wnw-et.de\/index.php\/wp-json\/wp\/v2\/types\/page"}],"author":[{"embeddable":true,"href":"https:\/\/wnw-et.de\/index.php\/wp-json\/wp\/v2\/users\/3"}],"replies":[{"embeddable":true,"href":"https:\/\/wnw-et.de\/index.php\/wp-json\/wp\/v2\/comments?post=1929"}],"version-history":[{"count":0,"href":"https:\/\/wnw-et.de\/index.php\/wp-json\/wp\/v2\/pages\/1929\/revisions"}],"wp:attachment":[{"href":"https:\/\/wnw-et.de\/index.php\/wp-json\/wp\/v2\/media?parent=1929"}],"curies":[{"name":"wp","href":"https:\/\/api.w.org\/{rel}","templated":true}]}}