{"id":43,"date":"2016-01-05T16:52:52","date_gmt":"2016-01-05T15:52:52","guid":{"rendered":"https:\/\/wnw-et.de\/?page_id=43"},"modified":"2018-09-27T14:16:32","modified_gmt":"2018-09-27T13:16:32","slug":"team","status":"publish","type":"page","link":"https:\/\/wnw-et.de\/index.php\/team\/","title":{"rendered":"Team"},"content":{"rendered":"<div id=\"pl-43\"  class=\"panel-layout\" ><div id=\"pg-43-0\"  class=\"panel-grid panel-no-style\" ><div id=\"pgc-43-0-0\"  class=\"panel-grid-cell\" ><div id=\"panel-43-0-0-0\" class=\"so-panel widget widget_execphp panel-first-child panel-last-child\" data-index=\"0\" >\t\t\t<div class=\"execphpwidget\"><blockquote style=\"font-style: normal;\">\n<img loading=\"lazy\" decoding=\"async\" class=\"alignleft wp-image-890\" style=\"border-radius: 50%; margin-right: 75px; margin-left: 35px; margin-top: -20px;\" src=\"https:\/\/wnw-et.de\/wp-content\/uploads\/2018\/04\/IMG_0899_grey.jpg\" width=\"110\" height=\"110\" \/><h3>Nico M\u00fc\u00dfiggang<\/h3><h5 style=\"margin-top: -15px;color: #3299DC;\"><i>Gesch\u00e4ftsf\u00fchrung<\/i><\/h5><a href=\"mailto:nico.muessiggang@wnw-et.de\"><img decoding=\"async\" src=\"https:\/\/wnw-et.de\/wp-content\/uploads\/2017\/11\/email-icon-23.png\" style=\"float: right;width: 40px;margin-top: -58px;\"><\/a>\n<div style=\"height: 10px;\"><\/div><\/blockquote>\n\n\n<blockquote style=\"font-style: normal;\">\n<img loading=\"lazy\" decoding=\"async\" class=\"alignleft wp-image-890\" style=\"border-radius: 50%;  margin-right: 75px; margin-left: 35px; margin-top: -20px;\" src=\"https:\/\/wnw-et.de\/wp-content\/uploads\/2018\/04\/Tim_Final.fw_.png\" width=\"110\" height=\"110\" \/><h3>Tim Da\u00dfler<\/h3><h5 style=\"margin-top: -15px;color: #3299DC;\">Veranstaltungstechnik<\/h5><a href=\"mailto:tim.dassler@wnw-et.de\"><img decoding=\"async\" src=\"https:\/\/wnw-et.de\/wp-content\/uploads\/2017\/11\/email-icon-23.png\" style=\"float: right;width: 40px;margin-top: -58px;\"><\/a>\n<div style=\"height: 10px;\"><\/div>\n<\/blockquote>\n\n<blockquote style=\"font-style: normal;\">\n<img loading=\"lazy\" decoding=\"async\" class=\"alignleft wp-image-890\" style=\"border-radius: 50%;  margin-right: 75px; margin-left: 35px; margin-top: -20px;\" src=\"https:\/\/wnw-et.de\/wp-content\/uploads\/2018\/04\/IMG_0902_grey.jpg\" width=\"110\" height=\"110\" \/><h3>Julian Heidorn<\/h3><h5 style=\"margin-top: -15px;color: #3299DC;\">Veranstaltungstechnik<\/h5><a href=\"mailto:julian.heidorn@wnw-et.de\"><img decoding=\"async\" src=\"https:\/\/wnw-et.de\/wp-content\/uploads\/2017\/11\/email-icon-23.png\" style=\"float: right;width: 40px;margin-top: -58px;\"><\/a>\n<div style=\"height: 10px;\"><\/div>\n<\/blockquote>\n\n<blockquote style=\"font-style: normal;\">\n<img loading=\"lazy\" decoding=\"async\" class=\"alignleft wp-image-890\" style=\"border-radius: 50%; margin-right: 75px; margin-left: 35px; margin-top: -20px;\" src=\"https:\/\/wnw-et.de\/wp-content\/uploads\/2018\/04\/IMG_0901_grey.jpg\" width=\"110\" height=\"110\" \/><h3>Niklas Munz<\/h3><h5 style=\"margin-top: -15px;color: #3299DC;\">Veranstaltungstechnik<\/h5><a href=\"mailto:niklas.munz@wnw-et.de\"><img decoding=\"async\" src=\"https:\/\/wnw-et.de\/wp-content\/uploads\/2017\/11\/email-icon-23.png\" style=\"float: right;width: 40px;margin-top: -58px;\"><\/a>\n<div style=\"height: 10px;\"><\/div>\n<\/blockquote>\n\n\n<\/div>\n\t\t<\/div><\/div><\/div><\/div>","protected":false},"excerpt":{"rendered":"<p>Nico M\u00fc\u00dfiggangGesch\u00e4ftsf\u00fchrung Tim Da\u00dflerVeranstaltungstechnik Julian HeidornVeranstaltungstechnik Niklas MunzVeranstaltungstechnik<\/p>\n","protected":false},"author":3,"featured_media":0,"parent":0,"menu_order":2,"comment_status":"closed","ping_status":"closed","template":"","meta":{"footnotes":""},"class_list":["post-43","page","type-page","status-publish","hentry"],"_links":{"self":[{"href":"https:\/\/wnw-et.de\/index.php\/wp-json\/wp\/v2\/pages\/43","targetHints":{"allow":["GET"]}}],"collection":[{"href":"https:\/\/wnw-et.de\/index.php\/wp-json\/wp\/v2\/pages"}],"about":[{"href":"https:\/\/wnw-et.de\/index.php\/wp-json\/wp\/v2\/types\/page"}],"author":[{"embeddable":true,"href":"https:\/\/wnw-et.de\/index.php\/wp-json\/wp\/v2\/users\/3"}],"replies":[{"embeddable":true,"href":"https:\/\/wnw-et.de\/index.php\/wp-json\/wp\/v2\/comments?post=43"}],"version-history":[{"count":0,"href":"https:\/\/wnw-et.de\/index.php\/wp-json\/wp\/v2\/pages\/43\/revisions"}],"wp:attachment":[{"href":"https:\/\/wnw-et.de\/index.php\/wp-json\/wp\/v2\/media?parent=43"}],"curies":[{"name":"wp","href":"https:\/\/api.w.org\/{rel}","templated":true}]}}