{"id":777,"date":"2016-03-22T20:52:36","date_gmt":"2016-03-22T19:52:36","guid":{"rendered":"https:\/\/wnw-et.de\/?page_id=777"},"modified":"2018-07-12T17:18:26","modified_gmt":"2018-07-12T16:18:26","slug":"leistungen","status":"publish","type":"page","link":"https:\/\/wnw-et.de\/index.php\/leistungen\/","title":{"rendered":"Leistungen"},"content":{"rendered":"<div id=\"pl-777\"  class=\"panel-layout\" ><div id=\"pg-777-0\"  class=\"panel-grid panel-no-style\" ><div id=\"pgc-777-0-0\"  class=\"panel-grid-cell\" ><div id=\"panel-777-0-0-0\" class=\"so-panel widget widget_sow-editor panel-first-child\" data-index=\"0\" ><div\n\t\t\t\n\t\t\tclass=\"so-widget-sow-editor so-widget-sow-editor-base\"\n\t\t\t\n\t\t>\n<div class=\"siteorigin-widget-tinymce textwidget\">\n\t<blockquote style=\"font-style: normal;\"><p>Sie planen eine Hochzeit, den n\u00e4chsten Geburtstag, den Abschlussball der Schule, oder eine Firmenfeier? Von erfahrenen Disc- und Lightjockeys, \u00fcber Beleuchtung von Location und Tanzfl\u00e4che bis hin zum perfekten Sound - wir \u00fcbernehmen f\u00fcr Sie die musikalische und technische Umsetzung auf Ihrer Veranstaltung. Hier finden Sie eine \u00dcbersicht mit m\u00f6glichen Leistungen.<\/p><\/blockquote>\n<\/div>\n<\/div><\/div><div id=\"panel-777-0-0-1\" class=\"widget_text so-panel widget widget_custom_html panel-last-child\" data-index=\"1\" ><div class=\"textwidget custom-html-widget\"><style>\n.separator {\n    width: 100%;\n    border-bottom: 1px solid #60636a;\n    text-align: center;\n    height: 18px;\n    margin-bottom: 15px;\n}\n.separator span {\n    line-height: 15px;\n    padding: 0 10px;\n    background: white; \/* Farbe des Elements darunter *\/\n    display: inline-block;\n    margin-top: 10px;\n    color: #60636a;\n}\n<\/style>\n\n<div class=\"separator\">\n    <span style=\"margin-top: 3px;\"><h4>Beratung & Planung<\/h4><\/span>\n\t\n<\/div>\n<div style=\"height: 20px;\">\n<\/div>\n\n<blockquote style=\"font-style: normal;text-align: justify;\"><p>\n\t<img decoding=\"async\" src=\"https:\/\/wnw-et.de\/wp-content\/uploads\/2018\/07\/computer-3368242_640-e1531406647963.jpg\" style=\"float: left;margin-right: 10px;width: 100px; border-radius: 50%; \"><b>Gemeinsam<\/b> besprechen wir alle Details per <b>E-Mail, Telefon oder in einem pers\u00f6nlichem Gespr\u00e4ch<\/b> und sind Ihnen bei der Umsetzung Ihrer <b>Ideen und W\u00fcnsche<\/b> behilflich. Eine Besichtigung der Location im Vorfeld begr\u00fc\u00dfen wir und ist ebenfalls m\u00f6glich. Wir stehen Ihnen au\u00dferdem mit Tipps und technischem Know-How zur Seite, um Ihre Veranstaltung zu einem <b>rundum gelungenem<\/b> Event zu machen bei dem es an nichts fehlt. \n<\/p><\/blockquote>\n\n<div class=\"separator\">\n    <span style=\"margin-top: 3px;\"><h4>DJ, Musik & Moderation<\/h4><\/span>\n\t\n<\/div>\n<div style=\"height: 20px;\">\n<\/div>\n\n<blockquote style=\"font-style: normal;text-align: justify;\"><p>\n<img decoding=\"async\" src=\"https:\/\/wnw-et.de\/wp-content\/uploads\/2018\/07\/club-1869222_640-e1531406824258.jpg\"  style=\"float: right;margin-left: 10px;width: 100px; border-radius: 50%;\">\n\tDas <b>musikalische Repertoire<\/b> unserer <b>erfahrenen DJs<\/b>, welche bereits eine Vielzahl an Veranstaltungen betreut haben, ist sehr weitl\u00e4ufig und <b>umfasst Werke aus den verschiedensten Jahren und Genres.<\/b>\nEgal ob die beste Musik aus den 90ern, klassischer Rock, Schlager und Ballermann oder aktuelle Hits aus Black, House und Charts - in einem Musikarchiv von mehr als 20.000 Titeln l\u00e4sst sich immer das passende Lied finden. \nDie Musik auf Ihrer Veranstaltung richten wir grunds\u00e4tzlich nach <b>Ihren Vorstellungen und W\u00fcnschen<\/b> aus. Nat\u00fcrlich nehmen wir auch w\u00e4hrend der Veranstaltungen gerne <b>Musikw\u00fcnsche von G\u00e4sten<\/b> entgegen und bauen sie nahtlos ein. Auch gezielte <b>Moderation oder verschiedenste Partyspiele<\/b>, wenn gew\u00fcnscht, sind kein Problem.\t\n<\/p><\/blockquote>\n\n<div class=\"separator\">\n    <span style=\"margin-top: 3px;\"><h4>Licht & Ton<\/h4><\/span>\n\t\n<\/div>\n<div style=\"height: 20px;\">\n<\/div>\n\n<blockquote style=\"font-style: normal;text-align: justify;\"><p>\n\t<img decoding=\"async\" src=\"https:\/\/wnw-et.de\/wp-content\/uploads\/2018\/07\/dj-937260_640-e1531409328853.jpg\" style=\"float: left;margin-right: 10px;width: 100px; border-radius: 50%;\">\nEgal ob eine private Feier mit 50 oder ein gro\u00dfes Event mit 500 Personen, wir sorgen f\u00fcr einen <b>klaren und optimalen Klang<\/b> sowie eine <b>passende Beleuchtung<\/b> - optimal angepasst an die Location und Gr\u00f6\u00dfe Ihrer Veranstaltung.\n\t<b>Party-Stimmung<\/b> auf der Tanzfl\u00e4che und <b>stimmige Hintergrundbeleuchtung<\/b> k\u00f6nnen von uns parallel umgesetzt werden. Wir k\u00fcmmern uns um die perfekte Beleuchtung, die bei jedem Anlass f\u00fcr die passende Stimmung sorgt. Auch die <b>Beschallung<\/b> wird optimal an den Veranstaltungsort angepasst und die Lautst\u00e4rke nach Ihren W\u00fcnschen eingestellt. \n\n  \n<\/p><\/blockquote>\n\n<div class=\"separator\">\n    <span style=\"margin-top: 3px;\"><h4>Extras<\/h4><\/span>\n\t\n<\/div>\n<div style=\"height: 20px;\">\n<\/div>\n\n<blockquote style=\"font-style: normal;text-align: justify;\"><p>\n\t<img decoding=\"async\" src=\"https:\/\/wnw-et.de\/wp-content\/uploads\/2018\/07\/microphone-3315985_640-e1531409174891.jpg\"  style=\"float: right;margin-left: 10px;width: 100px; border-radius: 50%;\">\nSie ben\u00f6tigen ein <b>Funkmikrofon<\/b> f\u00fcr eigene Moderation z.B. eine Hochzeitsrede, w\u00fcnschen sich eine <b>dezente Hintergrundbeleuchtung<\/b> des Raumes, m\u00f6chten die Terasse oder einen weiteren Raum ebenfalls beschallt haben oder h\u00e4tten gerne eine <b>Anschlussm\u00f6glichkeit von Fremdger\u00e4ten zur Ton\u00fcbertragung<\/b> z.B. Gitarre, iPod an unserer Anlage?\n\t<br>\u00c4u\u00dfern Sie Ihre <b>W\u00fcnsche<\/b> einfach im pers\u00f6nlichen Vorgespr\u00e4ch oder bereits als Zusatzinfo in unserem Buchungsformular und wir ber\u00fccksichtigen dies bei unserer Planung.\n\t<\/p><\/blockquote>\n\n<div class=\"separator\">\n    <span style=\"margin-top: 3px;\"><h4>Aufbau & Anfahrt<\/h4><\/span>\n\t\n<\/div>\n<div style=\"height: 20px;\">\n<\/div>\n\n<blockquote style=\"font-style: normal;text-align: justify;\"><p>\n\t<img decoding=\"async\" src=\"https:\/\/wnw-et.de\/wp-content\/uploads\/2018\/07\/car-1149997_640-e1531411563746.jpg\" style=\"float: left;margin-right: 10px;width: 100px; border-radius: 50%;\">\nP\u00fcnktlich zum <b>Veranstaltungsbeginn<\/b> steht <b>s\u00e4mtliche Technik<\/b>, <b>Licht und Ton sind auf Funktion gepr\u00fcft und funktionieren Ordnungsgem\u00e4\u00df<\/b> und alle <b>Transportcases<\/b> beiseite ger\u00e4umt. Im Anschluss an die Veranstaltung bauen wir s\u00e4mtliches Equipment selbstverst\u00e4ndlich wieder zur\u00fcck, transportieren es ab und verlassen die Location in einwandfreiem Zustand.\nDie <b>Anfahrt<\/b> sowie der reibungslose <b>Auf- und Abbau<\/b> sind in Hamburg, Bremen und Niedersachsen <b>inklusive<\/b> und werden von uns nicht extra berechnet. \n\t<\/p><\/blockquote>\n\n<div class=\"separator\">\n    <span style=\"margin-top: 3px;\"><h4>Buchung<\/h4><\/span>\n\t\n<\/div>\n<div style=\"height: 20px;\">\n<\/div>\n\n <a class=\"call-to-action\" href=\"https:\/\/wnw-et.de\/index.php\/buchung\" title=\"Hier klicken und kostenloses Angebot anfordern\" style=\"width: 100%;\">Hier klicken und kostenloses Angebot anfordern<\/a><\/div><\/div><\/div><\/div><\/div>","protected":false},"excerpt":{"rendered":"<p>Sie planen eine Hochzeit, den n\u00e4chsten Geburtstag, den Abschlussball der Schule, oder eine Firmenfeier? Von erfahrenen Disc- und Lightjockeys, \u00fcber Beleuchtung von Location und Tanzfl\u00e4che bis hin zum perfekten Sound &#8211; wir \u00fcbernehmen f\u00fcr Sie die musikalische und technische Umsetzung auf Ihrer Veranstaltung. Hier finden Sie eine \u00dcbersicht mit m\u00f6glichen&hellip; <\/p>\n","protected":false},"author":3,"featured_media":0,"parent":0,"menu_order":5,"comment_status":"closed","ping_status":"closed","template":"","meta":{"footnotes":""},"class_list":["post-777","page","type-page","status-publish","hentry"],"_links":{"self":[{"href":"https:\/\/wnw-et.de\/index.php\/wp-json\/wp\/v2\/pages\/777","targetHints":{"allow":["GET"]}}],"collection":[{"href":"https:\/\/wnw-et.de\/index.php\/wp-json\/wp\/v2\/pages"}],"about":[{"href":"https:\/\/wnw-et.de\/index.php\/wp-json\/wp\/v2\/types\/page"}],"author":[{"embeddable":true,"href":"https:\/\/wnw-et.de\/index.php\/wp-json\/wp\/v2\/users\/3"}],"replies":[{"embeddable":true,"href":"https:\/\/wnw-et.de\/index.php\/wp-json\/wp\/v2\/comments?post=777"}],"version-history":[{"count":0,"href":"https:\/\/wnw-et.de\/index.php\/wp-json\/wp\/v2\/pages\/777\/revisions"}],"wp:attachment":[{"href":"https:\/\/wnw-et.de\/index.php\/wp-json\/wp\/v2\/media?parent=777"}],"curies":[{"name":"wp","href":"https:\/\/api.w.org\/{rel}","templated":true}]}}